{"id":89,"date":"2020-02-04T20:19:53","date_gmt":"2020-02-04T19:19:53","guid":{"rendered":"http:\/\/www.a3a-arras.com\/?page_id=89"},"modified":"2020-05-04T07:42:06","modified_gmt":"2020-05-04T05:42:06","slug":"devis","status":"publish","type":"page","link":"https:\/\/www.a3a-arras.com\/index.php\/devis\/","title":{"rendered":"Devis"},"content":{"rendered":"<p>[et_pb_section fb_built=&#8221;1&#8243; _builder_version=&#8221;4.2.2&#8243;][et_pb_row column_structure=&#8221;1_3,1_3,1_3&#8243; _builder_version=&#8221;4.2.2&#8243;][et_pb_column type=&#8221;1_3&#8243; _builder_version=&#8221;4.2.2&#8243;][et_pb_text _builder_version=&#8221;4.4.3&#8243; background_color=&#8221;#ffffff&#8221; text_orientation=&#8221;center&#8221; border_radii=&#8221;on|6px|6px|6px|6px&#8221; box_shadow_style=&#8221;preset5&#8243; box_shadow_vertical=&#8221;0px&#8221;]<\/p>\n<p style=\"text-align: center;\"><strong>Bienvenue chez<br \/><\/strong><\/p>\n<p>[\/et_pb_text][et_pb_image src=&#8221;http:\/\/www.a3a-arras.com\/wp-content\/uploads\/20200211_204218-2.jpg&#8221; _builder_version=&#8221;4.4.3&#8243; border_radii=&#8221;on|6px|6px|6px|6px&#8221; box_shadow_style=&#8221;preset5&#8243; box_shadow_vertical=&#8221;0px&#8221;][\/et_pb_image][et_pb_text _builder_version=&#8221;4.4.3&#8243; border_radii=&#8221;on|6px|6px|6px|6px&#8221; box_shadow_style=&#8221;preset5&#8243; box_shadow_vertical=&#8221;0px&#8221;]<\/p>\n<p style=\"text-align: center;\"><strong>Pour un devis, \u00e9crivez-nous un mail, \u00e0<span style=\"color: #00ff00;\"> chdignoire@orange.fr<\/span> , en indiquant vos coordonn\u00e9es, et en exprimant votre demande.<br \/><\/strong><\/p>\n<p>[\/et_pb_text][\/et_pb_column][et_pb_column type=&#8221;1_3&#8243; _builder_version=&#8221;4.2.2&#8243;][et_pb_image src=&#8221;http:\/\/www.a3a-arras.com\/wp-content\/uploads\/paysagiste-montauban-10.jpg&#8221; _builder_version=&#8221;4.4.3&#8243; border_radii=&#8221;on|6px|6px|6px|6px&#8221; box_shadow_style=&#8221;preset5&#8243; box_shadow_vertical=&#8221;0px&#8221;][\/et_pb_image][et_pb_text _builder_version=&#8221;4.4.3&#8243; border_radii=&#8221;on|6px|6px|6px|6px&#8221; box_shadow_style=&#8221;preset5&#8243; box_shadow_vertical=&#8221;0px&#8221;]<\/p>\n<p style=\"text-align: center;\"><strong>Nous vous r\u00e9pondrons dans les plus brefs d\u00e9lais, et A3A vous remercie pour votre confiance.<br \/><\/strong><\/p>\n<p>[\/et_pb_text][et_pb_button button_url=&#8221;http:\/\/www.a3a-arras.com\/&#8221; button_text=&#8221;Pour revenir \u00e0 la page d&#8217;accueil, cliquez ici,&#8221; button_alignment=&#8221;center&#8221; _builder_version=&#8221;4.4.3&#8243; hover_enabled=&#8221;0&#8243; box_shadow_style=&#8221;preset5&#8243; box_shadow_vertical=&#8221;0px&#8221;][\/et_pb_button][\/et_pb_column][et_pb_column type=&#8221;1_3&#8243; _builder_version=&#8221;4.2.2&#8243;][et_pb_image src=&#8221;http:\/\/www.a3a-arras.com\/wp-content\/uploads\/peintre-502763e8.jpg&#8221; align=&#8221;center&#8221; _builder_version=&#8221;4.4.3&#8243; background_color=&#8221;#ffffff&#8221; border_radii=&#8221;on|6px|6px|6px|6px&#8221; box_shadow_style=&#8221;preset5&#8243; box_shadow_vertical=&#8221;0px&#8221;][\/et_pb_image][\/et_pb_column][\/et_pb_row][\/et_pb_section]<\/p>\n","protected":false},"excerpt":{"rendered":"<p>[et_pb_section fb_built=&#8221;1&#8243; _builder_version=&#8221;4.2.2&#8243;][et_pb_row column_structure=&#8221;1_3,1_3,1_3&#8243; _builder_version=&#8221;4.2.2&#8243;][et_pb_column type=&#8221;1_3&#8243; _builder_version=&#8221;4.2.2&#8243;][et_pb_text _builder_version=&#8221;4.4.3&#8243; background_color=&#8221;#ffffff&#8221; text_orientation=&#8221;center&#8221; border_radii=&#8221;on|6px|6px|6px|6px&#8221; box_shadow_style=&#8221;preset5&#8243; box_shadow_vertical=&#8221;0px&#8221;] Bienvenue chez [\/et_pb_text][et_pb_image src=&#8221;http:\/\/www.a3a-arras.com\/wp-content\/uploads\/20200211_204218-2.jpg&#8221; _builder_version=&#8221;4.4.3&#8243; border_radii=&#8221;on|6px|6px|6px|6px&#8221; box_shadow_style=&#8221;preset5&#8243; box_shadow_vertical=&#8221;0px&#8221;][\/et_pb_image][et_pb_text _builder_version=&#8221;4.4.3&#8243; border_radii=&#8221;on|6px|6px|6px|6px&#8221; box_shadow_style=&#8221;preset5&#8243; box_shadow_vertical=&#8221;0px&#8221;] Pour un devis, \u00e9crivez-nous un mail, \u00e0 chdignoire@orange.fr , en indiquant vos coordonn\u00e9es, et en exprimant votre demande. [\/et_pb_text][\/et_pb_column][et_pb_column type=&#8221;1_3&#8243; _builder_version=&#8221;4.2.2&#8243;][et_pb_image src=&#8221;http:\/\/www.a3a-arras.com\/wp-content\/uploads\/paysagiste-montauban-10.jpg&#8221; _builder_version=&#8221;4.4.3&#8243; border_radii=&#8221;on|6px|6px|6px|6px&#8221; box_shadow_style=&#8221;preset5&#8243; box_shadow_vertical=&#8221;0px&#8221;][\/et_pb_image][et_pb_text _builder_version=&#8221;4.4.3&#8243; border_radii=&#8221;on|6px|6px|6px|6px&#8221; box_shadow_style=&#8221;preset5&#8243; box_shadow_vertical=&#8221;0px&#8221;] [&hellip;]<\/p>\n","protected":false},"author":1,"featured_media":0,"parent":0,"menu_order":0,"comment_status":"closed","ping_status":"closed","template":"","meta":{"_et_pb_use_builder":"on","_et_pb_old_content":"","_et_gb_content_width":""},"yoast_head":"<!-- This site is optimized with the Yoast SEO plugin v14.8 - https:\/\/yoast.com\/wordpress\/plugins\/seo\/ -->\n<title>A3A - Aide et services \u00e0 la personne - Formulaire de devis - Achicourt<\/title>\n<meta name=\"description\" content=\"A3A - Aide et services \u00e0 la personne, vous propose un formulaire de devis, pour une demande de prix selon les prestations qui vous int\u00e9resse.\" \/>\n<meta name=\"robots\" content=\"index, follow\" \/>\n<meta name=\"googlebot\" content=\"index, follow, max-snippet:-1, max-image-preview:large, max-video-preview:-1\" \/>\n<meta name=\"bingbot\" content=\"index, follow, max-snippet:-1, max-image-preview:large, max-video-preview:-1\" \/>\n<link rel=\"canonical\" href=\"https:\/\/www.a3a-arras.com\/index.php\/devis\/\" \/>\n<meta property=\"og:locale\" content=\"en_US\" \/>\n<meta property=\"og:type\" content=\"article\" \/>\n<meta property=\"og:title\" content=\"A3A - Aide et services \u00e0 la personne - Formulaire de devis - Achicourt\" \/>\n<meta property=\"og:description\" content=\"A3A - Aide et services \u00e0 la personne, vous propose un formulaire de devis, pour une demande de prix selon les prestations qui vous int\u00e9resse.\" \/>\n<meta property=\"og:url\" content=\"https:\/\/www.a3a-arras.com\/index.php\/devis\/\" \/>\n<meta property=\"og:site_name\" content=\"cdignoistnic01\" \/>\n<meta property=\"article:modified_time\" content=\"2020-05-04T05:42:06+00:00\" \/>\n<meta name=\"twitter:card\" content=\"summary_large_image\" \/>\n<script type=\"application\/ld+json\" class=\"yoast-schema-graph\">{\"@context\":\"https:\/\/schema.org\",\"@graph\":[{\"@type\":\"WebSite\",\"@id\":\"https:\/\/www.a3a-arras.com\/#website\",\"url\":\"https:\/\/www.a3a-arras.com\/\",\"name\":\"cdignoistnic01\",\"description\":\"\",\"potentialAction\":[{\"@type\":\"SearchAction\",\"target\":\"https:\/\/www.a3a-arras.com\/?s={search_term_string}\",\"query-input\":\"required name=search_term_string\"}],\"inLanguage\":\"en-US\"},{\"@type\":\"WebPage\",\"@id\":\"https:\/\/www.a3a-arras.com\/index.php\/devis\/#webpage\",\"url\":\"https:\/\/www.a3a-arras.com\/index.php\/devis\/\",\"name\":\"A3A - Aide et services \\u00e0 la personne - Formulaire de devis - Achicourt\",\"isPartOf\":{\"@id\":\"https:\/\/www.a3a-arras.com\/#website\"},\"datePublished\":\"2020-02-04T19:19:53+00:00\",\"dateModified\":\"2020-05-04T05:42:06+00:00\",\"description\":\"A3A - Aide et services \\u00e0 la personne, vous propose un formulaire de devis, pour une demande de prix selon les prestations qui vous int\\u00e9resse.\",\"inLanguage\":\"en-US\",\"potentialAction\":[{\"@type\":\"ReadAction\",\"target\":[\"https:\/\/www.a3a-arras.com\/index.php\/devis\/\"]}]}]}<\/script>\n<!-- \/ Yoast SEO plugin. -->","_links":{"self":[{"href":"https:\/\/www.a3a-arras.com\/index.php\/wp-json\/wp\/v2\/pages\/89"}],"collection":[{"href":"https:\/\/www.a3a-arras.com\/index.php\/wp-json\/wp\/v2\/pages"}],"about":[{"href":"https:\/\/www.a3a-arras.com\/index.php\/wp-json\/wp\/v2\/types\/page"}],"author":[{"embeddable":true,"href":"https:\/\/www.a3a-arras.com\/index.php\/wp-json\/wp\/v2\/users\/1"}],"replies":[{"embeddable":true,"href":"https:\/\/www.a3a-arras.com\/index.php\/wp-json\/wp\/v2\/comments?post=89"}],"version-history":[{"count":76,"href":"https:\/\/www.a3a-arras.com\/index.php\/wp-json\/wp\/v2\/pages\/89\/revisions"}],"predecessor-version":[{"id":1232,"href":"https:\/\/www.a3a-arras.com\/index.php\/wp-json\/wp\/v2\/pages\/89\/revisions\/1232"}],"wp:attachment":[{"href":"https:\/\/www.a3a-arras.com\/index.php\/wp-json\/wp\/v2\/media?parent=89"}],"curies":[{"name":"wp","href":"https:\/\/api.w.org\/{rel}","templated":true}]}}