{"id":490,"date":"2020-02-13T16:16:31","date_gmt":"2020-02-13T15:16:31","guid":{"rendered":"http:\/\/www.a3a-arras.com\/?page_id=490"},"modified":"2020-03-04T20:08:46","modified_gmt":"2020-03-04T19:08:46","slug":"politique-de-confidentialite","status":"publish","type":"page","link":"https:\/\/www.a3a-arras.com\/index.php\/politique-de-confidentialite\/","title":{"rendered":"Politique de Confidentialit\u00e9"},"content":{"rendered":"<p><a href='http:\/\/www.a3a-arras.com\/index.php\/mentions-legales\/' class='small-button smallblue'>Pour lire Les Mentions L\u00e9gales, cliquez-ici,<\/a> <a href='http:\/\/www.a3a-arras.com\/index.php\/conditions-generales-dutilisation\/' class='small-button smallblue'>Pour lire Les Conditions G\u00e9n\u00e9rales d&#8217;Utilisation, cliquez-ici,<\/a> <a href='http:\/\/www.a3a-arras.com\/' class='small-button smallblue'>Pour revenir \u00e0 La Page d&#8217;Accueil, cliquez-ici,<\/a><\/p>\n<hr \/>\n<hr \/>\n<p style=\"text-align: left;\"><strong>QUI SOMMES-NOUS ? \u00a0 \u00a0\u00a0<\/strong> L&#8217;adresse de notre site Web est :\u00a0 <strong>https:\/\/www.maformationwp.fr<\/strong><strong>\/dcousistnic01.<br \/>\n<\/strong><\/p>\n<p><strong>UTILISATION\u00a0 DES\u00a0 DONNEES\u00a0 PERSONNELLES\u00a0 COLLECTEES<\/strong><\/p>\n<ul>\n<li><strong>Commentaires :\u00a0 <\/strong>Quand vous laissez un commentaire sur notre site Web, les donn\u00e9es inscrites dans le formulaire de commentaire, mais aussi votre adresse IP et l&#8217;agent utilisateur de votre navigateur sont collect\u00e9s pour nous aider \u00e0 la s\u00e9lection des commentaires ind\u00e9sirables. Une cha\u00eene anonymis\u00e9e cr\u00e9\u00e9e \u00e0 partir de votre adresse de messagerie ( \u00e9galement appel\u00e9e hash ) peut \u00eatre envoy\u00e9e au <strong>service Gravatar<\/strong> pour v\u00e9rifier si vous utilisez ce dernier. Les clauses de confidentialit\u00e9 du<strong> service Gravatar<\/strong> sont disponibles ici :\u00a0<strong> https:\/\/automattic.com\/privacy\/<\/strong> . Apr\u00e8s validation de votre commentaire, votre photo de profil sera visible publiquement \u00e0 c\u00f4t\u00e9 de votre commentaire.<\/li>\n<li><strong>M\u00e9dias :\u00a0 <\/strong>Si vous \u00eates un utilisateur ou une utilisatrice enregistr\u00e9(e) et que vous t\u00e9l\u00e9versez des images sur le site Web, nous vous conseillons d&#8217;\u00e9viter de t\u00e9l\u00e9verser des images concernant des donn\u00e9es<strong> EXIF<\/strong> de coordonn\u00e9es <strong>GPS<\/strong>. Les visiteurs de votre site Web peuvent t\u00e9l\u00e9charger et extraire des donn\u00e9es de localisation depuis ces images.<\/li>\n<li><strong>Formulaires de contact<\/strong><\/li>\n<li><strong>Cookies : <\/strong>Si vous d\u00e9posez un commentaire sur notre site, il vous sera propos\u00e9 d&#8217;enregistrer votre nom, adresse de messagerie et site Web dans les cookies. C&#8217;est uniquement pour votre confort afin de ne pas avoir \u00e0 saisir ces informations si vous d\u00e9posez un autre commentaire plus tard. Ces cookies expirent au bout d&#8217;un an. Si vous vous rendez sur la page de connexion, un cookie temporaire sera cr\u00e9e afin de d\u00e9terminer si votre navigateur accepte les cookies. Il ne contient pas de donn\u00e9es personnelles et sera supprim\u00e9 automatiquement \u00e0 la fermeture de votre navigateur. Lorsque vous vous connecterez, nous mettrons en place un certain nombre de cookies pour enregistrer vos informations de connexion et vos pr\u00e9f\u00e9rences d&#8217;\u00e9cran. La dur\u00e9e de vie d&#8217;un cookie de connexion est de deux jours, celle d&#8217;un cookie d&#8217;option d&#8217;\u00e9cran est d&#8217;un an. Si vous cochez &#8221; Se souvenir de moi &#8221; , votre cookie de connexion sera conserv\u00e9 pendant deux semaines. Si vous vous d\u00e9connectez de votre compte, le cookie de connexion sera effac\u00e9. En modifiant ou en publiant une publication, un cookie suppl\u00e9mentaire sera enregistr\u00e9 dans votre navigateur. Ce cookie ne comprend aucune donn\u00e9e personnelle. Il indique simplement l&#8217;ID de la publication que vous venez de modifier. Il expire au bout d&#8217;un jour.<\/li>\n<li><strong>Contenu embarqu\u00e9 depuis d&#8217;autres sites :\u00a0<\/strong>Les articles de ce site peuvent inclure des contenus int\u00e9gr\u00e9s ( par exemple, des vid\u00e9os, des images, articles &#8230;.. ). Le contenu int\u00e9gr\u00e9 depuis d&#8217;autres sites se comporte de la m\u00eame mani\u00e8re que si le visiteur se rendait sur cet autre site. Ces sites Web pourraient collecter des donn\u00e9es sur vous, utiliser des cookies, embarquer des outils de suivis tiers, suivre vos interactions avec ces contenus embarqu\u00e9s si vous disposez d&#8217;un compte connect\u00e9 sur leur site Web.<\/li>\n<li><strong>Statistiques et mesures d&#8217;audience<\/strong><\/li>\n<\/ul>\n<p><strong>UTILISATION ET TRANSMISSION DE VOS DONNEES PERSONNELLES<\/strong><\/p>\n<p><strong>DUREES DE STOCKAGE DE VOS DONNEES\u00a0\u00a0\u00a0\u00a0\u00a0 <\/strong>Si vous laissez un commentaire, le commentaire et ses m\u00e9tadonn\u00e9es sont conserv\u00e9s ind\u00e9finiment. Cela permet de reconna\u00eetre et approuver automatiquement les commentaires suivants au lieu de les laisser dans la file de mod\u00e9ration. Pour les utilisateurs et utilisatrices qui s&#8217;enregistrent sur notre site ( si cela est possible ), nous stockons \u00e9galement les donn\u00e9es personnelles indiqu\u00e9es dans leur profil. Tous les utilisateurs et utilisatrices peuvent voir, modifier ou supprimer leurs informations personnelles \u00e0 tout moment ( \u00e0 l&#8217;exception de leur nom d&#8217;utilisateur ou utilisatrice ). Les gestionnaires du site peuvent aussi voir et modifier ces informations.<\/p>\n<p><strong>LES DROITS QUE VOUS AVEZ SUR LES DONNEES\u00a0\u00a0\u00a0\u00a0 <\/strong>Si vous avez un compte ou si vous avez laiss\u00e9 des commentaires sur le site, vous pouvez demander \u00e0 recevoir un fichier contenant toutes les donn\u00e9es personnelles que nous poss\u00e9dons \u00e0 votre sujet, incluant celles que vous nous avez fournies. Vous pouvez \u00e9galement demander la suppression des donn\u00e9es personnelles vous concernant. Cela ne prend pas en compte les donn\u00e9es stock\u00e9es \u00e0 des fins administratives, l\u00e9gales ou pour des raisons de s\u00e9curit\u00e9.<\/p>\n<p><strong>TRANSMISSIONS DE VOS DONNEES PERSONNELLES\u00a0\u00a0\u00a0\u00a0 <\/strong>Les commentaires des visiteurs peuvent \u00eatre v\u00e9rifi\u00e9s \u00e0 l&#8217;aide d&#8217;un service automatis\u00e9 de d\u00e9tection des commentaires ind\u00e9sirables.<\/p>\n<p><strong>INFORMATIONS DE CONTACT<\/strong><\/p>\n<p><strong>INFORMATIONS SUPPLEMENTAIRES<\/strong><\/p>\n<ul>\n<li><strong>Comment nous prot\u00e9geons vos donn\u00e9es<\/strong><\/li>\n<li><strong>Proc\u00e9dures mises en ouevre en cas de fuite de donn\u00e9es<\/strong><\/li>\n<li><strong>Les services tiers qui<\/strong> <strong>nous transmettent des donn\u00e9es<\/strong><\/li>\n<li><strong>Op\u00e9rations de marketing automatis\u00e9 et\/ou de profilage r\u00e9alis\u00e9es \u00e0 l&#8217;aide des donn\u00e9es personnelles<\/strong><\/li>\n<li><strong>Affichage des informations li\u00e9es aux secteurs soumis \u00e0 des r\u00e9gulations sp\u00e9cifiques<\/strong><\/li>\n<\/ul>\n<p>&nbsp;<\/p>\n<p>&nbsp;<\/p>\n","protected":false},"excerpt":{"rendered":"<p>QUI SOMMES-NOUS ? \u00a0 \u00a0\u00a0 L&#8217;adresse de notre site Web est :\u00a0 https:\/\/www.maformationwp.fr\/dcousistnic01. UTILISATION\u00a0 DES\u00a0 DONNEES\u00a0 PERSONNELLES\u00a0 COLLECTEES Commentaires :\u00a0 Quand vous laissez un commentaire sur notre site Web, les donn\u00e9es inscrites dans le formulaire de commentaire, mais aussi votre adresse IP et l&#8217;agent utilisateur de votre navigateur sont collect\u00e9s pour nous aider \u00e0 la [&hellip;]<\/p>\n","protected":false},"author":1,"featured_media":0,"parent":0,"menu_order":0,"comment_status":"closed","ping_status":"closed","template":"","meta":{"_et_pb_use_builder":"","_et_pb_old_content":"","_et_gb_content_width":""},"yoast_head":"<!-- This site is optimized with the Yoast SEO plugin v14.8 - https:\/\/yoast.com\/wordpress\/plugins\/seo\/ -->\n<title>C&#039;est LA POLITIQUE DE CONFIDENTIALITE du Site Web d&#039;A3A<\/title>\n<meta name=\"description\" content=\"Ce sont les r\u00e9gles de base, de la confifendialit\u00e9, concernant les donn\u00e9es qui peuvent citer, inscrite, utiliser dans le Site Web d&#039;A3A, AIDE A LA PERSONNE.\" \/>\n<meta name=\"robots\" content=\"index, follow\" \/>\n<meta name=\"googlebot\" content=\"index, follow, max-snippet:-1, max-image-preview:large, max-video-preview:-1\" \/>\n<meta name=\"bingbot\" content=\"index, follow, max-snippet:-1, max-image-preview:large, max-video-preview:-1\" \/>\n<link rel=\"canonical\" href=\"https:\/\/www.a3a-arras.com\/index.php\/politique-de-confidentialite\/\" \/>\n<meta property=\"og:locale\" content=\"en_US\" \/>\n<meta property=\"og:type\" content=\"article\" \/>\n<meta property=\"og:title\" content=\"C&#039;est LA POLITIQUE DE CONFIDENTIALITE du Site Web d&#039;A3A\" \/>\n<meta property=\"og:description\" content=\"Ce sont les r\u00e9gles de base, de la confifendialit\u00e9, concernant les donn\u00e9es qui peuvent citer, inscrite, utiliser dans le Site Web d&#039;A3A, AIDE A LA PERSONNE.\" \/>\n<meta property=\"og:url\" content=\"https:\/\/www.a3a-arras.com\/index.php\/politique-de-confidentialite\/\" \/>\n<meta property=\"og:site_name\" content=\"cdignoistnic01\" \/>\n<meta property=\"article:modified_time\" content=\"2020-03-04T19:08:46+00:00\" \/>\n<meta name=\"twitter:card\" content=\"summary_large_image\" \/>\n<script type=\"application\/ld+json\" class=\"yoast-schema-graph\">{\"@context\":\"https:\/\/schema.org\",\"@graph\":[{\"@type\":\"WebSite\",\"@id\":\"https:\/\/www.a3a-arras.com\/#website\",\"url\":\"https:\/\/www.a3a-arras.com\/\",\"name\":\"cdignoistnic01\",\"description\":\"\",\"potentialAction\":[{\"@type\":\"SearchAction\",\"target\":\"https:\/\/www.a3a-arras.com\/?s={search_term_string}\",\"query-input\":\"required name=search_term_string\"}],\"inLanguage\":\"en-US\"},{\"@type\":\"WebPage\",\"@id\":\"https:\/\/www.a3a-arras.com\/index.php\/politique-de-confidentialite\/#webpage\",\"url\":\"https:\/\/www.a3a-arras.com\/index.php\/politique-de-confidentialite\/\",\"name\":\"C'est LA POLITIQUE DE CONFIDENTIALITE du Site Web d'A3A\",\"isPartOf\":{\"@id\":\"https:\/\/www.a3a-arras.com\/#website\"},\"datePublished\":\"2020-02-13T15:16:31+00:00\",\"dateModified\":\"2020-03-04T19:08:46+00:00\",\"description\":\"Ce sont les r\\u00e9gles de base, de la confifendialit\\u00e9, concernant les donn\\u00e9es qui peuvent citer, inscrite, utiliser dans le Site Web d'A3A, AIDE A LA PERSONNE.\",\"inLanguage\":\"en-US\",\"potentialAction\":[{\"@type\":\"ReadAction\",\"target\":[\"https:\/\/www.a3a-arras.com\/index.php\/politique-de-confidentialite\/\"]}]}]}<\/script>\n<!-- \/ Yoast SEO plugin. -->","_links":{"self":[{"href":"https:\/\/www.a3a-arras.com\/index.php\/wp-json\/wp\/v2\/pages\/490"}],"collection":[{"href":"https:\/\/www.a3a-arras.com\/index.php\/wp-json\/wp\/v2\/pages"}],"about":[{"href":"https:\/\/www.a3a-arras.com\/index.php\/wp-json\/wp\/v2\/types\/page"}],"author":[{"embeddable":true,"href":"https:\/\/www.a3a-arras.com\/index.php\/wp-json\/wp\/v2\/users\/1"}],"replies":[{"embeddable":true,"href":"https:\/\/www.a3a-arras.com\/index.php\/wp-json\/wp\/v2\/comments?post=490"}],"version-history":[{"count":15,"href":"https:\/\/www.a3a-arras.com\/index.php\/wp-json\/wp\/v2\/pages\/490\/revisions"}],"predecessor-version":[{"id":793,"href":"https:\/\/www.a3a-arras.com\/index.php\/wp-json\/wp\/v2\/pages\/490\/revisions\/793"}],"wp:attachment":[{"href":"https:\/\/www.a3a-arras.com\/index.php\/wp-json\/wp\/v2\/media?parent=490"}],"curies":[{"name":"wp","href":"https:\/\/api.w.org\/{rel}","templated":true}]}}