{"id":486,"date":"2020-02-13T15:52:07","date_gmt":"2020-02-13T14:52:07","guid":{"rendered":"http:\/\/www.a3a-arras.com\/?page_id=486"},"modified":"2020-03-04T20:05:25","modified_gmt":"2020-03-04T19:05:25","slug":"mentions-legales","status":"publish","type":"page","link":"https:\/\/www.a3a-arras.com\/index.php\/mentions-legales\/","title":{"rendered":"Mentions L\u00e9gales"},"content":{"rendered":"<p><a href='http:\/\/www.a3a-arras.com\/index.php\/politique-de-confidentialite\/' class='small-button smallblue'>Pour lire La Politique de Confidentialit\u00e9, cliquez-ici,<\/a> <a href='http:\/\/www.a3a-arras.com\/' class='small-button smallblue'>Pour revenir \u00e0 La Page d&#8217;Accueil, cliquez-ici,<\/a> <a href='http:\/\/www.a3a-arras.com\/index.php\/conditions-generales-dutilisation\/' class='small-button smallblue'>Pour lire Les Conditions G\u00e9n\u00e9rales d&#8217;Utilisation, cliquez-ici,<\/a><\/p>\n<hr \/>\n<hr \/>\n<p><strong>MENTIONS\u00a0 LEGALES\u00a0 <\/strong><\/p>\n<ul>\n<li>Statut juridique :\u00a0\u00a0 <strong>Entreprise individuelle<\/strong><\/li>\n<li>Raison sociale : \u00a0 <strong>A3A<\/strong><\/li>\n<li>R.C.S :\u00a0\u00a0<strong> 853 145 555 R.C.S. ARRAS<\/strong><\/li>\n<li>SIREN :\u00a0\u00a0<strong> 853 145 555<\/strong><\/li>\n<li>Si\u00e8ge social :\u00a0\u00a0<strong> 20\u00a0 Avenue\u00a0 d&#8217;Amiens\u00a0 62217\u00a0 Achicourt\u00a0 &#8211;\u00a0 FRANCE<\/strong><\/li>\n<li>N\u00b0 t\u00e9l :\u00a0\u00a0<strong> 06.52.74.89.61<\/strong><\/li>\n<li>E-mail :\u00a0<strong>\u00a0 chdignoire@orange.fr<\/strong><\/li>\n<li>Repr\u00e9sentant l\u00e9gal :\u00a0\u00a0<strong> M. Christophe DIGNOIRE<\/strong><\/li>\n<\/ul>\n<p>&nbsp;<\/p>\n<ul>\n<li>Site r\u00e9alis\u00e9 par :\u00a0\u00a0 <strong>M. Christophe DIGNOIRE<\/strong><\/li>\n<li>Centre serveur :\u00a0\u00a0 <strong>OVH<\/strong><\/li>\n<li>SAS au capital de :<strong>\u00a0\u00a0 10 000 000\u20ac<\/strong><\/li>\n<li>Adresse :\u00a0\u00a0<strong> 2\u00a0 Rue\u00a0 Kellermann\u00a0 59100\u00a0 Roubaix\u00a0 &#8211;\u00a0 FRANCE<\/strong><\/li>\n<li>N\u00b0 t\u00e9l :\u00a0\u00a0 <strong>08.20.69.87.65<\/strong><\/li>\n<li>N\u00b0 de d\u00e9claration CNIL :<\/li>\n<\/ul>\n<hr \/>\n<hr \/>\n<p><strong>COLLECTE\u00a0 DE\u00a0 DONNEES\u00a0 PERSONNELLES\u00a0 <\/strong><\/p>\n<ul>\n<li>Les informations recueillies font l&#8217;objet d&#8217;un traitement informatique destin\u00e9 \u00e0\u00a0\u00a0\u00a0\u00a0\u00a0\u00a0\u00a0\u00a0\u00a0\u00a0\u00a0\u00a0\u00a0\u00a0\u00a0\u00a0\u00a0\u00a0\u00a0\u00a0\u00a0\u00a0\u00a0\u00a0\u00a0\u00a0\u00a0\u00a0\u00a0\u00a0\u00a0\u00a0\u00a0\u00a0\u00a0\u00a0\u00a0\u00a0\u00a0 . Les destinataires des donn\u00e9es sont :<\/li>\n<li>Conform\u00e9ment \u00e0 la loi &#8221; informatique et libert\u00e9s &#8221; du 6 Janvier 1978 modifi\u00e9e en 2004 ,vous b\u00e9n\u00e9ficiez d&#8217;un droit d&#8217;acc\u00e8s et de rectification aux informations qui vous concernent, que vous pouvez exercer en vous adressant \u00e0 \u00a0 \u00a0 \u00a0 \u00a0 \u00a0 \u00a0 \u00a0 \u00a0 \u00a0 \u00a0 \u00a0 \u00a0 \u00a0\u00a0 .<\/li>\n<li>Vous pouvez \u00e9galement, pour des motifs l\u00e9gitimes, vous opposer au traitement des donn\u00e9es vous concernant.<\/li>\n<\/ul>\n","protected":false},"excerpt":{"rendered":"<p>MENTIONS\u00a0 LEGALES\u00a0 Statut juridique :\u00a0\u00a0 Entreprise individuelle Raison sociale : \u00a0 A3A R.C.S :\u00a0\u00a0 853 145 555 R.C.S. ARRAS SIREN :\u00a0\u00a0 853 145 555 Si\u00e8ge social :\u00a0\u00a0 20\u00a0 Avenue\u00a0 d&#8217;Amiens\u00a0 62217\u00a0 Achicourt\u00a0 &#8211;\u00a0 FRANCE N\u00b0 t\u00e9l :\u00a0\u00a0 06.52.74.89.61 E-mail :\u00a0\u00a0 chdignoire@orange.fr Repr\u00e9sentant l\u00e9gal :\u00a0\u00a0 M. Christophe DIGNOIRE &nbsp; Site r\u00e9alis\u00e9 par :\u00a0\u00a0 M. Christophe DIGNOIRE [&hellip;]<\/p>\n","protected":false},"author":1,"featured_media":0,"parent":0,"menu_order":0,"comment_status":"closed","ping_status":"closed","template":"","meta":{"_et_pb_use_builder":"","_et_pb_old_content":"","_et_gb_content_width":""},"yoast_head":"<!-- This site is optimized with the Yoast SEO plugin v14.8 - https:\/\/yoast.com\/wordpress\/plugins\/seo\/ -->\n<title>Ce sont LES MENTIONS LEGALES du Site Web d&#039;A3A<\/title>\n<meta name=\"description\" content=\"Les Mentions L\u00e9gales, ce sont des informations concernant le responsable ou la societ\u00e9 du Site Web et son h\u00e9bergeur, ainsi que certaines donn\u00e9es collect\u00e9es.\" \/>\n<meta name=\"robots\" content=\"index, follow\" \/>\n<meta name=\"googlebot\" content=\"index, follow, max-snippet:-1, max-image-preview:large, max-video-preview:-1\" \/>\n<meta name=\"bingbot\" content=\"index, follow, max-snippet:-1, max-image-preview:large, max-video-preview:-1\" \/>\n<link rel=\"canonical\" href=\"https:\/\/www.a3a-arras.com\/index.php\/mentions-legales\/\" \/>\n<meta property=\"og:locale\" content=\"en_US\" \/>\n<meta property=\"og:type\" content=\"article\" \/>\n<meta property=\"og:title\" content=\"Ce sont LES MENTIONS LEGALES du Site Web d&#039;A3A\" \/>\n<meta property=\"og:description\" content=\"Les Mentions L\u00e9gales, ce sont des informations concernant le responsable ou la societ\u00e9 du Site Web et son h\u00e9bergeur, ainsi que certaines donn\u00e9es collect\u00e9es.\" \/>\n<meta property=\"og:url\" content=\"https:\/\/www.a3a-arras.com\/index.php\/mentions-legales\/\" \/>\n<meta property=\"og:site_name\" content=\"cdignoistnic01\" \/>\n<meta property=\"article:modified_time\" content=\"2020-03-04T19:05:25+00:00\" \/>\n<meta name=\"twitter:card\" content=\"summary_large_image\" \/>\n<script type=\"application\/ld+json\" class=\"yoast-schema-graph\">{\"@context\":\"https:\/\/schema.org\",\"@graph\":[{\"@type\":\"WebSite\",\"@id\":\"https:\/\/www.a3a-arras.com\/#website\",\"url\":\"https:\/\/www.a3a-arras.com\/\",\"name\":\"cdignoistnic01\",\"description\":\"\",\"potentialAction\":[{\"@type\":\"SearchAction\",\"target\":\"https:\/\/www.a3a-arras.com\/?s={search_term_string}\",\"query-input\":\"required name=search_term_string\"}],\"inLanguage\":\"en-US\"},{\"@type\":\"WebPage\",\"@id\":\"https:\/\/www.a3a-arras.com\/index.php\/mentions-legales\/#webpage\",\"url\":\"https:\/\/www.a3a-arras.com\/index.php\/mentions-legales\/\",\"name\":\"Ce sont LES MENTIONS LEGALES du Site Web d'A3A\",\"isPartOf\":{\"@id\":\"https:\/\/www.a3a-arras.com\/#website\"},\"datePublished\":\"2020-02-13T14:52:07+00:00\",\"dateModified\":\"2020-03-04T19:05:25+00:00\",\"description\":\"Les Mentions L\\u00e9gales, ce sont des informations concernant le responsable ou la societ\\u00e9 du Site Web et son h\\u00e9bergeur, ainsi que certaines donn\\u00e9es collect\\u00e9es.\",\"inLanguage\":\"en-US\",\"potentialAction\":[{\"@type\":\"ReadAction\",\"target\":[\"https:\/\/www.a3a-arras.com\/index.php\/mentions-legales\/\"]}]}]}<\/script>\n<!-- \/ Yoast SEO plugin. -->","_links":{"self":[{"href":"https:\/\/www.a3a-arras.com\/index.php\/wp-json\/wp\/v2\/pages\/486"}],"collection":[{"href":"https:\/\/www.a3a-arras.com\/index.php\/wp-json\/wp\/v2\/pages"}],"about":[{"href":"https:\/\/www.a3a-arras.com\/index.php\/wp-json\/wp\/v2\/types\/page"}],"author":[{"embeddable":true,"href":"https:\/\/www.a3a-arras.com\/index.php\/wp-json\/wp\/v2\/users\/1"}],"replies":[{"embeddable":true,"href":"https:\/\/www.a3a-arras.com\/index.php\/wp-json\/wp\/v2\/comments?post=486"}],"version-history":[{"count":15,"href":"https:\/\/www.a3a-arras.com\/index.php\/wp-json\/wp\/v2\/pages\/486\/revisions"}],"predecessor-version":[{"id":792,"href":"https:\/\/www.a3a-arras.com\/index.php\/wp-json\/wp\/v2\/pages\/486\/revisions\/792"}],"wp:attachment":[{"href":"https:\/\/www.a3a-arras.com\/index.php\/wp-json\/wp\/v2\/media?parent=486"}],"curies":[{"name":"wp","href":"https:\/\/api.w.org\/{rel}","templated":true}]}}