{"id":260,"date":"2020-02-10T13:07:54","date_gmt":"2020-02-10T12:07:54","guid":{"rendered":"http:\/\/www.a3a-arras.com\/?page_id=260"},"modified":"2020-05-08T18:50:50","modified_gmt":"2020-05-08T16:50:50","slug":"tarif-sepultures-transport","status":"publish","type":"page","link":"https:\/\/www.a3a-arras.com\/index.php\/tarif-sepultures-transport\/","title":{"rendered":"TARIF &#8211; SEPULTURES \/ TRANSPORTS"},"content":{"rendered":"<p>[et_pb_section fb_built=&#8221;1&#8243; _builder_version=&#8221;4.2.2&#8243;][et_pb_row column_structure=&#8221;1_3,1_3,1_3&#8243; _builder_version=&#8221;4.2.2&#8243;][et_pb_column type=&#8221;1_3&#8243; _builder_version=&#8221;4.2.2&#8243;][et_pb_image src=&#8221;http:\/\/www.a3a-arras.com\/wp-content\/uploads\/20191104_104139-scaled.jpg&#8221; align=&#8221;center&#8221; _builder_version=&#8221;4.4.3&#8243; border_radii=&#8221;on|6px|6px|6px|6px&#8221; box_shadow_style=&#8221;preset5&#8243; box_shadow_vertical=&#8221;0px&#8221;][\/et_pb_image][et_pb_text _builder_version=&#8221;4.4.3&#8243; border_radii=&#8221;on|6px|6px|6px|6px&#8221; box_shadow_style=&#8221;preset5&#8243; box_shadow_vertical=&#8221;0px&#8221;]<\/p>\n<p style=\"text-align: center;\"><strong>Pour le nettoyage de vos s\u00e9pultures,<\/strong><br \/>Forfait Nettoyage 1\/an : <strong>75\u20ac<\/strong><br \/>+ Forfait D\u00e9placement<br \/><strong>10\u20ac CUA \/ 15\u20ac Hors CUA<\/strong><\/p>\n<p style=\"text-align: center;\"><strong>En option :<\/strong> <span style=\"color: #00ff00;\"><strong>Fleurissement \u00e0 la demande<br \/><\/strong><\/span><\/p>\n<p>[\/et_pb_text][\/et_pb_column][et_pb_column type=&#8221;1_3&#8243; _builder_version=&#8221;4.2.2&#8243;][et_pb_image src=&#8221;http:\/\/www.a3a-arras.com\/wp-content\/uploads\/9880421-15988368.jpg-e1580985174118.png&#8221; align=&#8221;center&#8221; _builder_version=&#8221;4.4.3&#8243; border_radii=&#8221;on|6px|6px|6px|6px&#8221; box_shadow_style=&#8221;preset5&#8243; box_shadow_vertical=&#8221;0px&#8221;][\/et_pb_image][et_pb_button button_url=&#8221;http:\/\/www.a3a-arras.com\/index.php\/devis\/&#8221; button_text=&#8221;Pour la demande d&#8217;un devis, cliquez ici,&#8221; button_alignment=&#8221;center&#8221; _builder_version=&#8221;4.4.3&#8243; box_shadow_style=&#8221;preset5&#8243; box_shadow_vertical=&#8221;0px&#8221;][\/et_pb_button][\/et_pb_column][et_pb_column type=&#8221;1_3&#8243; _builder_version=&#8221;4.2.2&#8243;][et_pb_text _builder_version=&#8221;4.4.3&#8243; border_radii=&#8221;on|6px|6px|6px|6px&#8221; box_shadow_style=&#8221;preset5&#8243; box_shadow_vertical=&#8221;0px&#8221;]<\/p>\n<p style=\"text-align: center;\"><strong>Pour vos diff\u00e9rents d\u00e9placements,<\/strong><\/p>\n<p style=\"text-align: center;\">visite \u00e0 votre famille, \u00e0 vos amis, pour vos rendez-vous m\u00e9dicaux, l&#8217;achat de vos courses, l&#8217;accompagnement au cimeti\u00e8re, au club des a\u00een\u00e9s, etc&#8230; ,<\/p>\n<p style=\"text-align: center;\"><strong>Prise en charge, aller-retour,<\/strong><br \/><strong>10\u20ac CUA \/ 15\u20ac hors CUA,<\/strong><br \/><strong>+\u00a0 0,75\u20ac par km,<\/strong><br \/><strong>+\u00a0 10\u20ac en cas d&#8217;attente<\/strong><br \/><strong>de plus de 45min<\/strong><\/p>\n<p>[\/et_pb_text][et_pb_button button_url=&#8221;http:\/\/www.a3a-arras.com\/index.php\/nos-prestations\/&#8221; button_text=&#8221;Pour revenir \u00e0 la page pr\u00e9cedente, cliquez ici,&#8221; button_alignment=&#8221;center&#8221; _builder_version=&#8221;4.4.3&#8243; box_shadow_style=&#8221;preset5&#8243; box_shadow_vertical=&#8221;0px&#8221;][\/et_pb_button][\/et_pb_column][\/et_pb_row][\/et_pb_section]<\/p>\n","protected":false},"excerpt":{"rendered":"<p>[et_pb_section fb_built=&#8221;1&#8243; _builder_version=&#8221;4.2.2&#8243;][et_pb_row column_structure=&#8221;1_3,1_3,1_3&#8243; _builder_version=&#8221;4.2.2&#8243;][et_pb_column type=&#8221;1_3&#8243; _builder_version=&#8221;4.2.2&#8243;][et_pb_image src=&#8221;http:\/\/www.a3a-arras.com\/wp-content\/uploads\/20191104_104139-scaled.jpg&#8221; align=&#8221;center&#8221; _builder_version=&#8221;4.4.3&#8243; border_radii=&#8221;on|6px|6px|6px|6px&#8221; box_shadow_style=&#8221;preset5&#8243; box_shadow_vertical=&#8221;0px&#8221;][\/et_pb_image][et_pb_text _builder_version=&#8221;4.4.3&#8243; border_radii=&#8221;on|6px|6px|6px|6px&#8221; box_shadow_style=&#8221;preset5&#8243; box_shadow_vertical=&#8221;0px&#8221;] Pour le nettoyage de vos s\u00e9pultures,Forfait Nettoyage 1\/an : 75\u20ac+ Forfait D\u00e9placement10\u20ac CUA \/ 15\u20ac Hors CUA En option : Fleurissement \u00e0 la demande [\/et_pb_text][\/et_pb_column][et_pb_column type=&#8221;1_3&#8243; _builder_version=&#8221;4.2.2&#8243;][et_pb_image src=&#8221;http:\/\/www.a3a-arras.com\/wp-content\/uploads\/9880421-15988368.jpg-e1580985174118.png&#8221; align=&#8221;center&#8221; _builder_version=&#8221;4.4.3&#8243; border_radii=&#8221;on|6px|6px|6px|6px&#8221; box_shadow_style=&#8221;preset5&#8243; box_shadow_vertical=&#8221;0px&#8221;][\/et_pb_image][et_pb_button button_url=&#8221;http:\/\/www.a3a-arras.com\/index.php\/devis\/&#8221; button_text=&#8221;Pour la demande d&#8217;un [&hellip;]<\/p>\n","protected":false},"author":1,"featured_media":0,"parent":0,"menu_order":0,"comment_status":"closed","ping_status":"closed","template":"","meta":{"_et_pb_use_builder":"on","_et_pb_old_content":"","_et_gb_content_width":""},"yoast_head":"<!-- This site is optimized with the Yoast SEO plugin v14.8 - https:\/\/yoast.com\/wordpress\/plugins\/seo\/ -->\n<title>A3A - Aide et servicee \u00e0 la personne, tarification transport - s\u00e9pulture<\/title>\n<meta name=\"description\" content=\"A3A - Aide et services, vous pr\u00e9sente sa grille de tarification pour le nettoyage et le fleurissement de vos s\u00e9pultures, et pour vos diff\u00e9rents d\u00e9plaements.\" \/>\n<meta name=\"robots\" content=\"index, follow\" \/>\n<meta name=\"googlebot\" content=\"index, follow, max-snippet:-1, max-image-preview:large, max-video-preview:-1\" \/>\n<meta name=\"bingbot\" content=\"index, follow, max-snippet:-1, max-image-preview:large, max-video-preview:-1\" \/>\n<link rel=\"canonical\" href=\"https:\/\/www.a3a-arras.com\/index.php\/tarif-sepultures-transport\/\" \/>\n<meta property=\"og:locale\" content=\"en_US\" \/>\n<meta property=\"og:type\" content=\"article\" \/>\n<meta property=\"og:title\" content=\"A3A - Aide et servicee \u00e0 la personne, tarification transport - s\u00e9pulture\" \/>\n<meta property=\"og:description\" content=\"A3A - Aide et services, vous pr\u00e9sente sa grille de tarification pour le nettoyage et le fleurissement de vos s\u00e9pultures, et pour vos diff\u00e9rents d\u00e9plaements.\" \/>\n<meta property=\"og:url\" content=\"https:\/\/www.a3a-arras.com\/index.php\/tarif-sepultures-transport\/\" \/>\n<meta property=\"og:site_name\" content=\"cdignoistnic01\" \/>\n<meta property=\"article:modified_time\" content=\"2020-05-08T16:50:50+00:00\" \/>\n<meta name=\"twitter:card\" content=\"summary_large_image\" \/>\n<script type=\"application\/ld+json\" class=\"yoast-schema-graph\">{\"@context\":\"https:\/\/schema.org\",\"@graph\":[{\"@type\":\"WebSite\",\"@id\":\"https:\/\/www.a3a-arras.com\/#website\",\"url\":\"https:\/\/www.a3a-arras.com\/\",\"name\":\"cdignoistnic01\",\"description\":\"\",\"potentialAction\":[{\"@type\":\"SearchAction\",\"target\":\"https:\/\/www.a3a-arras.com\/?s={search_term_string}\",\"query-input\":\"required name=search_term_string\"}],\"inLanguage\":\"en-US\"},{\"@type\":\"WebPage\",\"@id\":\"https:\/\/www.a3a-arras.com\/index.php\/tarif-sepultures-transport\/#webpage\",\"url\":\"https:\/\/www.a3a-arras.com\/index.php\/tarif-sepultures-transport\/\",\"name\":\"A3A - Aide et servicee \\u00e0 la personne, tarification transport - s\\u00e9pulture\",\"isPartOf\":{\"@id\":\"https:\/\/www.a3a-arras.com\/#website\"},\"datePublished\":\"2020-02-10T12:07:54+00:00\",\"dateModified\":\"2020-05-08T16:50:50+00:00\",\"description\":\"A3A - Aide et services, vous pr\\u00e9sente sa grille de tarification pour le nettoyage et le fleurissement de vos s\\u00e9pultures, et pour vos diff\\u00e9rents d\\u00e9plaements.\",\"inLanguage\":\"en-US\",\"potentialAction\":[{\"@type\":\"ReadAction\",\"target\":[\"https:\/\/www.a3a-arras.com\/index.php\/tarif-sepultures-transport\/\"]}]}]}<\/script>\n<!-- \/ Yoast SEO plugin. -->","_links":{"self":[{"href":"https:\/\/www.a3a-arras.com\/index.php\/wp-json\/wp\/v2\/pages\/260"}],"collection":[{"href":"https:\/\/www.a3a-arras.com\/index.php\/wp-json\/wp\/v2\/pages"}],"about":[{"href":"https:\/\/www.a3a-arras.com\/index.php\/wp-json\/wp\/v2\/types\/page"}],"author":[{"embeddable":true,"href":"https:\/\/www.a3a-arras.com\/index.php\/wp-json\/wp\/v2\/users\/1"}],"replies":[{"embeddable":true,"href":"https:\/\/www.a3a-arras.com\/index.php\/wp-json\/wp\/v2\/comments?post=260"}],"version-history":[{"count":75,"href":"https:\/\/www.a3a-arras.com\/index.php\/wp-json\/wp\/v2\/pages\/260\/revisions"}],"predecessor-version":[{"id":1171,"href":"https:\/\/www.a3a-arras.com\/index.php\/wp-json\/wp\/v2\/pages\/260\/revisions\/1171"}],"wp:attachment":[{"href":"https:\/\/www.a3a-arras.com\/index.php\/wp-json\/wp\/v2\/media?parent=260"}],"curies":[{"name":"wp","href":"https:\/\/api.w.org\/{rel}","templated":true}]}}