{"id":258,"date":"2020-02-10T13:06:14","date_gmt":"2020-02-10T12:06:14","guid":{"rendered":"http:\/\/www.a3a-arras.com\/?page_id=258"},"modified":"2020-05-08T18:52:53","modified_gmt":"2020-05-08T16:52:53","slug":"tarif-travaux-et-depannages","status":"publish","type":"page","link":"https:\/\/www.a3a-arras.com\/index.php\/tarif-travaux-et-depannages\/","title":{"rendered":"TARIF &#8211; TRAVAUX ET DEPANNAGES"},"content":{"rendered":"<p>[et_pb_section fb_built=&#8221;1&#8243; _builder_version=&#8221;4.2.2&#8243;][et_pb_row column_structure=&#8221;1_3,1_3,1_3&#8243; _builder_version=&#8221;4.2.2&#8243;][et_pb_column type=&#8221;1_3&#8243; _builder_version=&#8221;4.2.2&#8243;][et_pb_image src=&#8221;http:\/\/www.a3a-arras.com\/wp-content\/uploads\/peintre.jpg&#8221; align=&#8221;center&#8221; _builder_version=&#8221;4.4.3&#8243; border_radii=&#8221;on|6px|6px|6px|6px&#8221; box_shadow_style=&#8221;preset5&#8243; box_shadow_vertical=&#8221;0px&#8221;][\/et_pb_image][et_pb_text _builder_version=&#8221;4.4.3&#8243; border_radii=&#8221;on|6px|6px|6px|6px&#8221; box_shadow_style=&#8221;preset5&#8243; box_shadow_vertical=&#8221;0px&#8221;]<\/p>\n<p style=\"text-align: center;\"><strong>Pour l&#8217;entretien int\u00e9rieur et ext\u00e9rieur de votre demeure,<\/strong><br \/>petits travaux de peinture, de rebouchage, d&#8217;enduit, de tapisserie, de ma\u00e7onnerie, etc&#8230;<\/p>\n<p style=\"text-align: center;\"><strong>25\u20ac de l&#8217;heure + achat du mat\u00e9riel<\/strong><\/p>\n<p style=\"text-align: center;\"><span style=\"color: #ff0000;\"><strong>N&#8217;oubliez pas, 50% de cr\u00e9dit d&#8217;imp\u00f4t<\/strong><\/span><\/p>\n<p>[\/et_pb_text][\/et_pb_column][et_pb_column type=&#8221;1_3&#8243; _builder_version=&#8221;4.2.2&#8243;][et_pb_image src=&#8221;http:\/\/www.a3a-arras.com\/wp-content\/uploads\/electricien-batiment.jpg&#8221; align=&#8221;center&#8221; _builder_version=&#8221;4.4.3&#8243; border_radii=&#8221;on|6px|6px|6px|6px&#8221; box_shadow_style=&#8221;preset5&#8243; box_shadow_vertical=&#8221;0px&#8221;][\/et_pb_image][et_pb_text _builder_version=&#8221;4.4.3&#8243; border_radii=&#8221;on|6px|6px|6px|6px&#8221; box_shadow_style=&#8221;preset5&#8243; box_shadow_vertical=&#8221;0px&#8221;]<\/p>\n<p style=\"text-align: center;\"><strong>En cas de panne \u00e9lectrique,<\/strong><\/p>\n<p style=\"text-align: center;\">d\u00e9pannage et remplacement de modules et prises \u00e9lectriques, disjoncteurs, interrupteurs, etc&#8230; ,<br \/>petits travaux d&#8217;extension de circuit \u00e9lectrique<\/p>\n<p style=\"text-align: center;\"><strong>25\u20ac de l&#8217;heure + achat du mat\u00e9riel<\/strong><\/p>\n<p>[\/et_pb_text][\/et_pb_column][et_pb_column type=&#8221;1_3&#8243; _builder_version=&#8221;4.2.2&#8243;][et_pb_button button_url=&#8221;http:\/\/www.a3a-arras.com\/index.php\/tarif-travaux-et-depannages-2\/&#8221; button_text=&#8221;Pour la suite, concernant cette prestation, cliquez ici,&#8221; button_alignment=&#8221;center&#8221; _builder_version=&#8221;4.4.3&#8243; box_shadow_style=&#8221;preset5&#8243; box_shadow_vertical=&#8221;0px&#8221;][\/et_pb_button][et_pb_button button_url=&#8221;http:\/\/www.a3a-arras.com\/index.php\/devis\/&#8221; button_text=&#8221;Pour la demande d&#8217;un devis, cliquez ici,&#8221; button_alignment=&#8221;center&#8221; _builder_version=&#8221;4.4.3&#8243; box_shadow_style=&#8221;preset5&#8243; box_shadow_vertical=&#8221;0px&#8221;][\/et_pb_button][et_pb_button button_url=&#8221;http:\/\/www.a3a-arras.com\/index.php\/nos-prestations\/&#8221; button_text=&#8221;Pour revenir \u00e0 la page pr\u00e9cedente, cliquez ici,&#8221; button_alignment=&#8221;center&#8221; _builder_version=&#8221;4.4.3&#8243; box_shadow_style=&#8221;preset5&#8243; box_shadow_vertical=&#8221;0px&#8221;][\/et_pb_button][\/et_pb_column][\/et_pb_row][\/et_pb_section]<\/p>\n","protected":false},"excerpt":{"rendered":"<p>[et_pb_section fb_built=&#8221;1&#8243; _builder_version=&#8221;4.2.2&#8243;][et_pb_row column_structure=&#8221;1_3,1_3,1_3&#8243; _builder_version=&#8221;4.2.2&#8243;][et_pb_column type=&#8221;1_3&#8243; _builder_version=&#8221;4.2.2&#8243;][et_pb_image src=&#8221;http:\/\/www.a3a-arras.com\/wp-content\/uploads\/peintre.jpg&#8221; align=&#8221;center&#8221; _builder_version=&#8221;4.4.3&#8243; border_radii=&#8221;on|6px|6px|6px|6px&#8221; box_shadow_style=&#8221;preset5&#8243; box_shadow_vertical=&#8221;0px&#8221;][\/et_pb_image][et_pb_text _builder_version=&#8221;4.4.3&#8243; border_radii=&#8221;on|6px|6px|6px|6px&#8221; box_shadow_style=&#8221;preset5&#8243; box_shadow_vertical=&#8221;0px&#8221;] Pour l&#8217;entretien int\u00e9rieur et ext\u00e9rieur de votre demeure,petits travaux de peinture, de rebouchage, d&#8217;enduit, de tapisserie, de ma\u00e7onnerie, etc&#8230; 25\u20ac de l&#8217;heure + achat du mat\u00e9riel N&#8217;oubliez pas, 50% de cr\u00e9dit d&#8217;imp\u00f4t [\/et_pb_text][\/et_pb_column][et_pb_column type=&#8221;1_3&#8243; _builder_version=&#8221;4.2.2&#8243;][et_pb_image src=&#8221;http:\/\/www.a3a-arras.com\/wp-content\/uploads\/electricien-batiment.jpg&#8221; align=&#8221;center&#8221; _builder_version=&#8221;4.4.3&#8243; [&hellip;]<\/p>\n","protected":false},"author":1,"featured_media":0,"parent":0,"menu_order":0,"comment_status":"closed","ping_status":"closed","template":"","meta":{"_et_pb_use_builder":"on","_et_pb_old_content":"","_et_gb_content_width":""},"yoast_head":"<!-- This site is optimized with the Yoast SEO plugin v14.8 - https:\/\/yoast.com\/wordpress\/plugins\/seo\/ -->\n<title>A3A - Aide et services, tarification pour le d\u00e9pannage \u00e9lectrique et travaux.<\/title>\n<meta name=\"description\" content=\"A3A - Aide et services vous pr\u00e9sente sa grille de tarification pour les travaux et d\u00e9pannages \u00e9lectriques, ainsi que ses petits travaux de bricolage.\" \/>\n<meta name=\"robots\" content=\"index, follow\" \/>\n<meta name=\"googlebot\" content=\"index, follow, max-snippet:-1, max-image-preview:large, max-video-preview:-1\" \/>\n<meta name=\"bingbot\" content=\"index, follow, max-snippet:-1, max-image-preview:large, max-video-preview:-1\" \/>\n<link rel=\"canonical\" href=\"https:\/\/www.a3a-arras.com\/index.php\/tarif-travaux-et-depannages\/\" \/>\n<meta property=\"og:locale\" content=\"en_US\" \/>\n<meta property=\"og:type\" content=\"article\" \/>\n<meta property=\"og:title\" content=\"A3A - Aide et services, tarification pour le d\u00e9pannage \u00e9lectrique et travaux.\" \/>\n<meta property=\"og:description\" content=\"A3A - Aide et services vous pr\u00e9sente sa grille de tarification pour les travaux et d\u00e9pannages \u00e9lectriques, ainsi que ses petits travaux de bricolage.\" \/>\n<meta property=\"og:url\" content=\"https:\/\/www.a3a-arras.com\/index.php\/tarif-travaux-et-depannages\/\" \/>\n<meta property=\"og:site_name\" content=\"cdignoistnic01\" \/>\n<meta property=\"article:modified_time\" content=\"2020-05-08T16:52:53+00:00\" \/>\n<meta name=\"twitter:card\" content=\"summary_large_image\" \/>\n<script type=\"application\/ld+json\" class=\"yoast-schema-graph\">{\"@context\":\"https:\/\/schema.org\",\"@graph\":[{\"@type\":\"WebSite\",\"@id\":\"https:\/\/www.a3a-arras.com\/#website\",\"url\":\"https:\/\/www.a3a-arras.com\/\",\"name\":\"cdignoistnic01\",\"description\":\"\",\"potentialAction\":[{\"@type\":\"SearchAction\",\"target\":\"https:\/\/www.a3a-arras.com\/?s={search_term_string}\",\"query-input\":\"required name=search_term_string\"}],\"inLanguage\":\"en-US\"},{\"@type\":\"WebPage\",\"@id\":\"https:\/\/www.a3a-arras.com\/index.php\/tarif-travaux-et-depannages\/#webpage\",\"url\":\"https:\/\/www.a3a-arras.com\/index.php\/tarif-travaux-et-depannages\/\",\"name\":\"A3A - Aide et services, tarification pour le d\\u00e9pannage \\u00e9lectrique et travaux.\",\"isPartOf\":{\"@id\":\"https:\/\/www.a3a-arras.com\/#website\"},\"datePublished\":\"2020-02-10T12:06:14+00:00\",\"dateModified\":\"2020-05-08T16:52:53+00:00\",\"description\":\"A3A - Aide et services vous pr\\u00e9sente sa grille de tarification pour les travaux et d\\u00e9pannages \\u00e9lectriques, ainsi que ses petits travaux de bricolage.\",\"inLanguage\":\"en-US\",\"potentialAction\":[{\"@type\":\"ReadAction\",\"target\":[\"https:\/\/www.a3a-arras.com\/index.php\/tarif-travaux-et-depannages\/\"]}]}]}<\/script>\n<!-- \/ Yoast SEO plugin. -->","_links":{"self":[{"href":"https:\/\/www.a3a-arras.com\/index.php\/wp-json\/wp\/v2\/pages\/258"}],"collection":[{"href":"https:\/\/www.a3a-arras.com\/index.php\/wp-json\/wp\/v2\/pages"}],"about":[{"href":"https:\/\/www.a3a-arras.com\/index.php\/wp-json\/wp\/v2\/types\/page"}],"author":[{"embeddable":true,"href":"https:\/\/www.a3a-arras.com\/index.php\/wp-json\/wp\/v2\/users\/1"}],"replies":[{"embeddable":true,"href":"https:\/\/www.a3a-arras.com\/index.php\/wp-json\/wp\/v2\/comments?post=258"}],"version-history":[{"count":62,"href":"https:\/\/www.a3a-arras.com\/index.php\/wp-json\/wp\/v2\/pages\/258\/revisions"}],"predecessor-version":[{"id":1241,"href":"https:\/\/www.a3a-arras.com\/index.php\/wp-json\/wp\/v2\/pages\/258\/revisions\/1241"}],"wp:attachment":[{"href":"https:\/\/www.a3a-arras.com\/index.php\/wp-json\/wp\/v2\/media?parent=258"}],"curies":[{"name":"wp","href":"https:\/\/api.w.org\/{rel}","templated":true}]}}