{"id":256,"date":"2020-02-10T12:59:46","date_gmt":"2020-02-10T11:59:46","guid":{"rendered":"http:\/\/www.a3a-arras.com\/?page_id=256"},"modified":"2020-05-03T18:31:22","modified_gmt":"2020-05-03T16:31:22","slug":"tarif-espaces-verts","status":"publish","type":"page","link":"https:\/\/www.a3a-arras.com\/index.php\/tarif-espaces-verts\/","title":{"rendered":"TARIF &#8211; ESPACES VERTS"},"content":{"rendered":"<p>[et_pb_section fb_built=&#8221;1&#8243; _builder_version=&#8221;4.2.2&#8243;][et_pb_row column_structure=&#8221;1_3,1_3,1_3&#8243; _builder_version=&#8221;4.2.2&#8243;][et_pb_column type=&#8221;1_3&#8243; _builder_version=&#8221;4.2.2&#8243;][et_pb_image src=&#8221;http:\/\/www.a3a-arras.com\/wp-content\/uploads\/paysagiste-montauban-10.jpg&#8221; align=&#8221;center&#8221; _builder_version=&#8221;4.4.3&#8243; hover_enabled=&#8221;0&#8243; border_radii=&#8221;on|6px|6px|6px|6px&#8221; box_shadow_style=&#8221;preset5&#8243; box_shadow_vertical=&#8221;0px&#8221;][\/et_pb_image][et_pb_text _builder_version=&#8221;4.4.3&#8243; hover_enabled=&#8221;0&#8243; border_radii=&#8221;on|6px|6px|6px|6px&#8221; box_shadow_style=&#8221;preset5&#8243; box_shadow_vertical=&#8221;0px&#8221;]<\/p>\n<p style=\"text-align: center;\"><strong>Pour l&#8217;entretien de<\/strong><br \/>vos espaces verts,\u00a0 vos parterres fleuris, la taille de vos haies, petits \u00e9lagages, et la plantation d&#8217;arbustes, de v\u00e9g\u00e9taux, de bulbes \u00e0 fleurs, etc &#8230;<\/p>\n<p style=\"text-align: center;\"><strong>35\u20ac de l&#8217;heure ou possibilit\u00e9 de forfait :<\/strong><br \/><strong>3h &#8211; 90\u20ac \/ 4h &#8211; 110\u20ac \/ 7h &#8211; 175\u20ac<\/strong><\/p>\n<p style=\"text-align: center;\"><strong>\u00a0\u00a0\u00a0\u00a0 <\/strong><strong><span style=\"color: #ff0000;\">N&#8217;oubliez pas, 50% de cr\u00e9dit d&#8217;imp\u00f4t<\/span><\/strong><\/p>\n<p>[\/et_pb_text][\/et_pb_column][et_pb_column type=&#8221;1_3&#8243; _builder_version=&#8221;4.2.2&#8243;][et_pb_image src=&#8221;http:\/\/www.a3a-arras.com\/wp-content\/uploads\/maison-jardin-services-3.jpg&#8221; align=&#8221;center&#8221; _builder_version=&#8221;4.4.3&#8243; hover_enabled=&#8221;0&#8243; border_radii=&#8221;on|6px|6px|6px|6px&#8221; box_shadow_style=&#8221;preset5&#8243; box_shadow_vertical=&#8221;0px&#8221;][\/et_pb_image][et_pb_text _builder_version=&#8221;4.4.3&#8243; hover_enabled=&#8221;0&#8243; border_radii=&#8221;on|6px|6px|6px|6px&#8221; box_shadow_style=&#8221;preset5&#8243; box_shadow_vertical=&#8221;0px&#8221;]<\/p>\n<p style=\"text-align: center;\"><strong>Pour info, <\/strong>le forfait de 7h peut-\u00eatre d\u00e9coup\u00e9 en plusieurs prestations, sans aucune limite de dur\u00e9e, ce qui donne un prix de revient, <span style=\"color: #00ff00;\"><strong>de 12,50\u20ac de l&#8217;heure, cr\u00e9dit d&#8217;imp\u00f4t d\u00e9duit<\/strong><\/span><\/p>\n<p>[\/et_pb_text][et_pb_button button_url=&#8221;http:\/\/www.a3a-arras.com\/index.php\/devis\/&#8221; button_text=&#8221;Pour la demande d&#8217;un devis, cliquez ici,                                                          &#8221; button_alignment=&#8221;center&#8221; _builder_version=&#8221;4.4.3&#8243; hover_enabled=&#8221;0&#8243; box_shadow_style=&#8221;preset5&#8243; box_shadow_vertical=&#8221;0px&#8221;][\/et_pb_button][\/et_pb_column][et_pb_column type=&#8221;1_3&#8243; _builder_version=&#8221;4.2.2&#8243;][et_pb_image src=&#8221;http:\/\/www.a3a-arras.com\/wp-content\/uploads\/images-1.jpg&#8221; align=&#8221;center&#8221; _builder_version=&#8221;4.4.3&#8243; module_alignment=&#8221;center&#8221; hover_enabled=&#8221;0&#8243; border_radii=&#8221;on|6px|6px|6px|6px&#8221; box_shadow_style=&#8221;preset5&#8243; box_shadow_vertical=&#8221;0px&#8221;][\/et_pb_image][et_pb_button button_url=&#8221;http:\/\/www.a3a-arras.com\/index.php\/nos-prestations\/&#8221; button_text=&#8221;Pour revenir \u00e0 la page pr\u00e9cedente, cliquez ici,&#8221; button_alignment=&#8221;center&#8221; _builder_version=&#8221;4.4.3&#8243; hover_enabled=&#8221;0&#8243; box_shadow_style=&#8221;preset5&#8243; box_shadow_vertical=&#8221;0px&#8221;][\/et_pb_button][\/et_pb_column][\/et_pb_row][\/et_pb_section]<\/p>\n","protected":false},"excerpt":{"rendered":"<p>[et_pb_section fb_built=&#8221;1&#8243; _builder_version=&#8221;4.2.2&#8243;][et_pb_row column_structure=&#8221;1_3,1_3,1_3&#8243; _builder_version=&#8221;4.2.2&#8243;][et_pb_column type=&#8221;1_3&#8243; _builder_version=&#8221;4.2.2&#8243;][et_pb_image src=&#8221;http:\/\/www.a3a-arras.com\/wp-content\/uploads\/paysagiste-montauban-10.jpg&#8221; align=&#8221;center&#8221; _builder_version=&#8221;4.4.3&#8243; hover_enabled=&#8221;0&#8243; border_radii=&#8221;on|6px|6px|6px|6px&#8221; box_shadow_style=&#8221;preset5&#8243; box_shadow_vertical=&#8221;0px&#8221;][\/et_pb_image][et_pb_text _builder_version=&#8221;4.4.3&#8243; hover_enabled=&#8221;0&#8243; border_radii=&#8221;on|6px|6px|6px|6px&#8221; box_shadow_style=&#8221;preset5&#8243; box_shadow_vertical=&#8221;0px&#8221;] Pour l&#8217;entretien devos espaces verts,\u00a0 vos parterres fleuris, la taille de vos haies, petits \u00e9lagages, et la plantation d&#8217;arbustes, de v\u00e9g\u00e9taux, de bulbes \u00e0 fleurs, etc &#8230; 35\u20ac de l&#8217;heure ou possibilit\u00e9 de forfait :3h &#8211; [&hellip;]<\/p>\n","protected":false},"author":1,"featured_media":0,"parent":0,"menu_order":0,"comment_status":"closed","ping_status":"closed","template":"","meta":{"_et_pb_use_builder":"on","_et_pb_old_content":"","_et_gb_content_width":""},"yoast_head":"<!-- This site is optimized with the Yoast SEO plugin v14.8 - https:\/\/yoast.com\/wordpress\/plugins\/seo\/ -->\n<title>A3A - aide services \u00e0 la personne - tarification pour les espaces verts<\/title>\n<meta name=\"description\" content=\"A3A vous informe sur les prix concernant la prestation ESPACES VERTS, pour la tonte des gazons, la taille des haies, petit \u00e9lagage, et pour les parterres.\" \/>\n<meta name=\"robots\" content=\"index, follow\" \/>\n<meta name=\"googlebot\" content=\"index, follow, max-snippet:-1, max-image-preview:large, max-video-preview:-1\" \/>\n<meta name=\"bingbot\" content=\"index, follow, max-snippet:-1, max-image-preview:large, max-video-preview:-1\" \/>\n<link rel=\"canonical\" href=\"https:\/\/www.a3a-arras.com\/index.php\/tarif-espaces-verts\/\" \/>\n<meta property=\"og:locale\" content=\"en_US\" \/>\n<meta property=\"og:type\" content=\"article\" \/>\n<meta property=\"og:title\" content=\"A3A - aide services \u00e0 la personne - tarification pour les espaces verts\" \/>\n<meta property=\"og:description\" content=\"A3A vous informe sur les prix concernant la prestation ESPACES VERTS, pour la tonte des gazons, la taille des haies, petit \u00e9lagage, et pour les parterres.\" \/>\n<meta property=\"og:url\" content=\"https:\/\/www.a3a-arras.com\/index.php\/tarif-espaces-verts\/\" \/>\n<meta property=\"og:site_name\" content=\"cdignoistnic01\" \/>\n<meta property=\"article:modified_time\" content=\"2020-05-03T16:31:22+00:00\" \/>\n<meta name=\"twitter:card\" content=\"summary_large_image\" \/>\n<script type=\"application\/ld+json\" class=\"yoast-schema-graph\">{\"@context\":\"https:\/\/schema.org\",\"@graph\":[{\"@type\":\"WebSite\",\"@id\":\"https:\/\/www.a3a-arras.com\/#website\",\"url\":\"https:\/\/www.a3a-arras.com\/\",\"name\":\"cdignoistnic01\",\"description\":\"\",\"potentialAction\":[{\"@type\":\"SearchAction\",\"target\":\"https:\/\/www.a3a-arras.com\/?s={search_term_string}\",\"query-input\":\"required name=search_term_string\"}],\"inLanguage\":\"en-US\"},{\"@type\":\"WebPage\",\"@id\":\"https:\/\/www.a3a-arras.com\/index.php\/tarif-espaces-verts\/#webpage\",\"url\":\"https:\/\/www.a3a-arras.com\/index.php\/tarif-espaces-verts\/\",\"name\":\"A3A - aide services \\u00e0 la personne - tarification pour les espaces verts\",\"isPartOf\":{\"@id\":\"https:\/\/www.a3a-arras.com\/#website\"},\"datePublished\":\"2020-02-10T11:59:46+00:00\",\"dateModified\":\"2020-05-03T16:31:22+00:00\",\"description\":\"A3A vous informe sur les prix concernant la prestation ESPACES VERTS, pour la tonte des gazons, la taille des haies, petit \\u00e9lagage, et pour les parterres.\",\"inLanguage\":\"en-US\",\"potentialAction\":[{\"@type\":\"ReadAction\",\"target\":[\"https:\/\/www.a3a-arras.com\/index.php\/tarif-espaces-verts\/\"]}]}]}<\/script>\n<!-- \/ Yoast SEO plugin. -->","_links":{"self":[{"href":"https:\/\/www.a3a-arras.com\/index.php\/wp-json\/wp\/v2\/pages\/256"}],"collection":[{"href":"https:\/\/www.a3a-arras.com\/index.php\/wp-json\/wp\/v2\/pages"}],"about":[{"href":"https:\/\/www.a3a-arras.com\/index.php\/wp-json\/wp\/v2\/types\/page"}],"author":[{"embeddable":true,"href":"https:\/\/www.a3a-arras.com\/index.php\/wp-json\/wp\/v2\/users\/1"}],"replies":[{"embeddable":true,"href":"https:\/\/www.a3a-arras.com\/index.php\/wp-json\/wp\/v2\/comments?post=256"}],"version-history":[{"count":86,"href":"https:\/\/www.a3a-arras.com\/index.php\/wp-json\/wp\/v2\/pages\/256\/revisions"}],"predecessor-version":[{"id":1156,"href":"https:\/\/www.a3a-arras.com\/index.php\/wp-json\/wp\/v2\/pages\/256\/revisions\/1156"}],"wp:attachment":[{"href":"https:\/\/www.a3a-arras.com\/index.php\/wp-json\/wp\/v2\/media?parent=256"}],"curies":[{"name":"wp","href":"https:\/\/api.w.org\/{rel}","templated":true}]}}