{"id":1175,"date":"2020-05-03T20:56:18","date_gmt":"2020-05-03T18:56:18","guid":{"rendered":"http:\/\/www.a3a-arras.com\/?page_id=1175"},"modified":"2020-05-04T00:34:04","modified_gmt":"2020-05-03T22:34:04","slug":"tarif-travaux-et-depannages-2","status":"publish","type":"page","link":"https:\/\/www.a3a-arras.com\/index.php\/tarif-travaux-et-depannages-2\/","title":{"rendered":"TARIF &#8211; TRAVAUX ET DEPANNAGES ( Suite )"},"content":{"rendered":"<p>[et_pb_section fb_built=&#8221;1&#8243; _builder_version=&#8221;4.4.3&#8243;][et_pb_row column_structure=&#8221;1_3,1_3,1_3&#8243; _builder_version=&#8221;4.4.3&#8243;][et_pb_column type=&#8221;1_3&#8243; _builder_version=&#8221;4.4.3&#8243;][et_pb_image src=&#8221;http:\/\/www.a3a-arras.com\/wp-content\/uploads\/20200320_165616-scaled.jpg&#8221; _builder_version=&#8221;4.4.3&#8243; border_radii=&#8221;on|6px|6px|6px|6px&#8221; box_shadow_style=&#8221;preset5&#8243; box_shadow_vertical=&#8221;0px&#8221;][\/et_pb_image][et_pb_text _builder_version=&#8221;4.4.3&#8243; border_radii=&#8221;on|6px|6px|6px|6px&#8221; box_shadow_style=&#8221;preset5&#8243; box_shadow_vertical=&#8221;0px&#8221;]<\/p>\n<p style=\"text-align: center;\"><strong>Pour le nettoyage,<\/strong><\/p>\n<p style=\"text-align: center;\">des carreaux de vos baies vitr\u00e9es, de vos fen\u00eatres, de vos portes, concernant votre demeure, votre v\u00e9randa,<\/p>\n<p style=\"text-align: center;\"><strong>15\u20ac\u00a0 de\u00a0 l&#8217;heure<\/strong><\/p>\n<p>[\/et_pb_text][\/et_pb_column][et_pb_column type=&#8221;1_3&#8243; _builder_version=&#8221;4.4.3&#8243;][et_pb_image src=&#8221;http:\/\/www.a3a-arras.com\/wp-content\/uploads\/nettoyage-terrasse.jpg&#8221; _builder_version=&#8221;4.4.3&#8243; border_radii=&#8221;on|6px|6px|6px|6px&#8221; box_shadow_style=&#8221;preset5&#8243; box_shadow_vertical=&#8221;0px&#8221;][\/et_pb_image][et_pb_text _builder_version=&#8221;4.4.3&#8243; border_radii=&#8221;on|6px|6px|6px|6px&#8221; box_shadow_style=&#8221;preset5&#8243; box_shadow_vertical=&#8221;0px&#8221;]<\/p>\n<p style=\"text-align: center;\"><strong>Pour l&#8217;entretien et le nettoyage,<\/strong><\/p>\n<p style=\"text-align: center;\">de vos acc\u00e8s \u00e0 votre demeure, de vos couloirs ext\u00e9rieurs, de votre terrasse, de vos goutti\u00e8res, de vos puisards et canalisations<\/p>\n<p style=\"text-align: center;\"><strong>20\u20ac\u00a0 de\u00a0 l&#8217;heure<\/strong><\/p>\n<p>[\/et_pb_text][\/et_pb_column][et_pb_column type=&#8221;1_3&#8243; _builder_version=&#8221;4.4.3&#8243;][et_pb_image src=&#8221;http:\/\/www.a3a-arras.com\/wp-content\/uploads\/20200205_202735-2-scaled.jpg&#8221; _builder_version=&#8221;4.4.3&#8243; border_radii=&#8221;on|6px|6px|6px|6px&#8221; box_shadow_style=&#8221;preset5&#8243; box_shadow_vertical=&#8221;0px&#8221;][\/et_pb_image][et_pb_button button_url=&#8221;http:\/\/www.a3a-arras.com\/index.php\/devis\/&#8221; button_text=&#8221;Pour la demande d&#8217;un devis, cliquez ici,&#8221; button_alignment=&#8221;center&#8221; _builder_version=&#8221;4.4.3&#8243; box_shadow_style=&#8221;preset5&#8243; box_shadow_vertical=&#8221;0px&#8221;][\/et_pb_button][et_pb_button button_url=&#8221;http:\/\/www.a3a-arras.com\/index.php\/tarif-travaux-et-depannages\/&#8221; button_text=&#8221;Pour revenir \u00e0 la page pr\u00e9cedente, cliquez ici,&#8221; button_alignment=&#8221;center&#8221; _builder_version=&#8221;4.4.3&#8243; box_shadow_style=&#8221;preset5&#8243; box_shadow_vertical=&#8221;0px&#8221;][\/et_pb_button][\/et_pb_column][\/et_pb_row][\/et_pb_section]<\/p>\n","protected":false},"excerpt":{"rendered":"<p>[et_pb_section fb_built=&#8221;1&#8243; _builder_version=&#8221;4.4.3&#8243;][et_pb_row column_structure=&#8221;1_3,1_3,1_3&#8243; _builder_version=&#8221;4.4.3&#8243;][et_pb_column type=&#8221;1_3&#8243; _builder_version=&#8221;4.4.3&#8243;][et_pb_image src=&#8221;http:\/\/www.a3a-arras.com\/wp-content\/uploads\/20200320_165616-scaled.jpg&#8221; _builder_version=&#8221;4.4.3&#8243; border_radii=&#8221;on|6px|6px|6px|6px&#8221; box_shadow_style=&#8221;preset5&#8243; box_shadow_vertical=&#8221;0px&#8221;][\/et_pb_image][et_pb_text _builder_version=&#8221;4.4.3&#8243; border_radii=&#8221;on|6px|6px|6px|6px&#8221; box_shadow_style=&#8221;preset5&#8243; box_shadow_vertical=&#8221;0px&#8221;] Pour le nettoyage, des carreaux de vos baies vitr\u00e9es, de vos fen\u00eatres, de vos portes, concernant votre demeure, votre v\u00e9randa, 15\u20ac\u00a0 de\u00a0 l&#8217;heure [\/et_pb_text][\/et_pb_column][et_pb_column type=&#8221;1_3&#8243; _builder_version=&#8221;4.4.3&#8243;][et_pb_image src=&#8221;http:\/\/www.a3a-arras.com\/wp-content\/uploads\/nettoyage-terrasse.jpg&#8221; _builder_version=&#8221;4.4.3&#8243; border_radii=&#8221;on|6px|6px|6px|6px&#8221; box_shadow_style=&#8221;preset5&#8243; box_shadow_vertical=&#8221;0px&#8221;][\/et_pb_image][et_pb_text _builder_version=&#8221;4.4.3&#8243; border_radii=&#8221;on|6px|6px|6px|6px&#8221; box_shadow_style=&#8221;preset5&#8243; box_shadow_vertical=&#8221;0px&#8221;] Pour l&#8217;entretien et le [&hellip;]<\/p>\n","protected":false},"author":1,"featured_media":0,"parent":0,"menu_order":0,"comment_status":"closed","ping_status":"closed","template":"","meta":{"_et_pb_use_builder":"on","_et_pb_old_content":"","_et_gb_content_width":""},"yoast_head":"<!-- This site is optimized with the Yoast SEO plugin v14.8 - https:\/\/yoast.com\/wordpress\/plugins\/seo\/ -->\n<title>TARIF - TRAVAUX ET DEPANNAGES ( Suite ) - cdignoistnic01<\/title>\n<meta name=\"robots\" content=\"index, follow\" \/>\n<meta name=\"googlebot\" content=\"index, follow, max-snippet:-1, max-image-preview:large, max-video-preview:-1\" \/>\n<meta name=\"bingbot\" content=\"index, follow, max-snippet:-1, max-image-preview:large, max-video-preview:-1\" \/>\n<link rel=\"canonical\" href=\"https:\/\/www.a3a-arras.com\/index.php\/tarif-travaux-et-depannages-2\/\" \/>\n<meta property=\"og:locale\" content=\"en_US\" \/>\n<meta property=\"og:type\" content=\"article\" \/>\n<meta property=\"og:title\" content=\"TARIF - TRAVAUX ET DEPANNAGES ( Suite ) - cdignoistnic01\" \/>\n<meta property=\"og:description\" content=\"[et_pb_section fb_built=&#8221;1&#8243; _builder_version=&#8221;4.4.3&#8243;][et_pb_row column_structure=&#8221;1_3,1_3,1_3&#8243; _builder_version=&#8221;4.4.3&#8243;][et_pb_column type=&#8221;1_3&#8243; _builder_version=&#8221;4.4.3&#8243;][et_pb_image src=&#8221;http:\/\/www.a3a-arras.com\/wp-content\/uploads\/20200320_165616-scaled.jpg&#8221; _builder_version=&#8221;4.4.3&#8243; border_radii=&#8221;on|6px|6px|6px|6px&#8221; box_shadow_style=&#8221;preset5&#8243; box_shadow_vertical=&#8221;0px&#8221;][\/et_pb_image][et_pb_text _builder_version=&#8221;4.4.3&#8243; border_radii=&#8221;on|6px|6px|6px|6px&#8221; box_shadow_style=&#8221;preset5&#8243; box_shadow_vertical=&#8221;0px&#8221;] Pour le nettoyage, des carreaux de vos baies vitr\u00e9es, de vos fen\u00eatres, de vos portes, concernant votre demeure, votre v\u00e9randa, 15\u20ac\u00a0 de\u00a0 l&#8217;heure [\/et_pb_text][\/et_pb_column][et_pb_column type=&#8221;1_3&#8243; _builder_version=&#8221;4.4.3&#8243;][et_pb_image src=&#8221;http:\/\/www.a3a-arras.com\/wp-content\/uploads\/nettoyage-terrasse.jpg&#8221; _builder_version=&#8221;4.4.3&#8243; border_radii=&#8221;on|6px|6px|6px|6px&#8221; box_shadow_style=&#8221;preset5&#8243; box_shadow_vertical=&#8221;0px&#8221;][\/et_pb_image][et_pb_text _builder_version=&#8221;4.4.3&#8243; border_radii=&#8221;on|6px|6px|6px|6px&#8221; box_shadow_style=&#8221;preset5&#8243; box_shadow_vertical=&#8221;0px&#8221;] Pour l&#8217;entretien et le [&hellip;]\" \/>\n<meta property=\"og:url\" content=\"https:\/\/www.a3a-arras.com\/index.php\/tarif-travaux-et-depannages-2\/\" \/>\n<meta property=\"og:site_name\" content=\"cdignoistnic01\" \/>\n<meta property=\"article:modified_time\" content=\"2020-05-03T22:34:04+00:00\" \/>\n<meta name=\"twitter:card\" content=\"summary_large_image\" \/>\n<script type=\"application\/ld+json\" class=\"yoast-schema-graph\">{\"@context\":\"https:\/\/schema.org\",\"@graph\":[{\"@type\":\"WebSite\",\"@id\":\"https:\/\/www.a3a-arras.com\/#website\",\"url\":\"https:\/\/www.a3a-arras.com\/\",\"name\":\"cdignoistnic01\",\"description\":\"\",\"potentialAction\":[{\"@type\":\"SearchAction\",\"target\":\"https:\/\/www.a3a-arras.com\/?s={search_term_string}\",\"query-input\":\"required name=search_term_string\"}],\"inLanguage\":\"en-US\"},{\"@type\":\"WebPage\",\"@id\":\"https:\/\/www.a3a-arras.com\/index.php\/tarif-travaux-et-depannages-2\/#webpage\",\"url\":\"https:\/\/www.a3a-arras.com\/index.php\/tarif-travaux-et-depannages-2\/\",\"name\":\"TARIF - TRAVAUX ET DEPANNAGES ( Suite ) - cdignoistnic01\",\"isPartOf\":{\"@id\":\"https:\/\/www.a3a-arras.com\/#website\"},\"datePublished\":\"2020-05-03T18:56:18+00:00\",\"dateModified\":\"2020-05-03T22:34:04+00:00\",\"inLanguage\":\"en-US\",\"potentialAction\":[{\"@type\":\"ReadAction\",\"target\":[\"https:\/\/www.a3a-arras.com\/index.php\/tarif-travaux-et-depannages-2\/\"]}]}]}<\/script>\n<!-- \/ Yoast SEO plugin. -->","_links":{"self":[{"href":"https:\/\/www.a3a-arras.com\/index.php\/wp-json\/wp\/v2\/pages\/1175"}],"collection":[{"href":"https:\/\/www.a3a-arras.com\/index.php\/wp-json\/wp\/v2\/pages"}],"about":[{"href":"https:\/\/www.a3a-arras.com\/index.php\/wp-json\/wp\/v2\/types\/page"}],"author":[{"embeddable":true,"href":"https:\/\/www.a3a-arras.com\/index.php\/wp-json\/wp\/v2\/users\/1"}],"replies":[{"embeddable":true,"href":"https:\/\/www.a3a-arras.com\/index.php\/wp-json\/wp\/v2\/comments?post=1175"}],"version-history":[{"count":11,"href":"https:\/\/www.a3a-arras.com\/index.php\/wp-json\/wp\/v2\/pages\/1175\/revisions"}],"predecessor-version":[{"id":1228,"href":"https:\/\/www.a3a-arras.com\/index.php\/wp-json\/wp\/v2\/pages\/1175\/revisions\/1228"}],"wp:attachment":[{"href":"https:\/\/www.a3a-arras.com\/index.php\/wp-json\/wp\/v2\/media?parent=1175"}],"curies":[{"name":"wp","href":"https:\/\/api.w.org\/{rel}","templated":true}]}}